{"id":2273,"date":"2025-01-23T09:54:20","date_gmt":"2025-01-23T09:54:20","guid":{"rendered":"https:\/\/laculvarlaam.ro\/regulament-feeder\/"},"modified":"2026-03-03T11:40:26","modified_gmt":"2026-03-03T11:40:26","slug":"regulament-feeder","status":"publish","type":"page","link":"https:\/\/laculvarlaam.ro\/en\/regulament-feeder\/","title":{"rendered":"Pescuit la feeder"},"content":{"rendered":"\t\t<div data-elementor-type=\"wp-page\" data-elementor-id=\"2273\" class=\"elementor elementor-2273 elementor-942\" data-elementor-post-type=\"page\">\n\t\t\t\t\t\t<section class=\"elementor-section elementor-top-section elementor-element elementor-element-3aafbf9c elementor-section-boxed elementor-section-height-default elementor-section-height-default\" data-id=\"3aafbf9c\" data-element_type=\"section\" data-e-type=\"section\" data-settings=\"{&quot;background_background&quot;:&quot;classic&quot;}\">\n\t\t\t\t\t\t\t<div class=\"elementor-background-overlay\"><\/div>\n\t\t\t\t\t\t\t<div class=\"elementor-container elementor-column-gap-default\">\n\t\t\t\t\t<div class=\"elementor-column elementor-col-50 elementor-top-column elementor-element elementor-element-6518993a\" data-id=\"6518993a\" data-element_type=\"column\" data-e-type=\"column\">\n\t\t\t<div class=\"elementor-widget-wrap elementor-element-populated\">\n\t\t\t\t\t\t<div class=\"elementor-element elementor-element-6dfb6bb0 elementor-widget elementor-widget-heading\" data-id=\"6dfb6bb0\" data-element_type=\"widget\" data-e-type=\"widget\" data-widget_type=\"heading.default\">\n\t\t\t\t<div class=\"elementor-widget-container\">\n\t\t\t\t\t<h2 class=\"elementor-heading-title elementor-size-default\">Pescuit la feeder<\/h2>\t\t\t\t<\/div>\n\t\t\t\t<\/div>\n\t\t\t\t\t<\/div>\n\t\t<\/div>\n\t\t\t\t<div class=\"elementor-column elementor-col-50 elementor-top-column elementor-element elementor-element-bd15515\" data-id=\"bd15515\" data-element_type=\"column\" data-e-type=\"column\">\n\t\t\t<div class=\"elementor-widget-wrap elementor-element-populated\">\n\t\t\t\t\t\t<section class=\"elementor-section elementor-inner-section elementor-element elementor-element-68430eb8 elementor-section-boxed elementor-section-height-default elementor-section-height-default\" data-id=\"68430eb8\" data-element_type=\"section\" data-e-type=\"section\" data-settings=\"{&quot;background_background&quot;:&quot;classic&quot;}\">\n\t\t\t\t\t\t<div class=\"elementor-container elementor-column-gap-default\">\n\t\t\t\t\t<div class=\"elementor-column elementor-col-100 elementor-inner-column elementor-element elementor-element-4fd77abc\" data-id=\"4fd77abc\" data-element_type=\"column\" data-e-type=\"column\">\n\t\t\t<div class=\"elementor-widget-wrap elementor-element-populated\">\n\t\t\t\t\t\t<div class=\"elementor-element elementor-element-528e0df8 elementor-widget__width-auto elementor-icon-list--layout-traditional elementor-list-item-link-full_width elementor-widget elementor-widget-icon-list\" data-id=\"528e0df8\" data-element_type=\"widget\" data-e-type=\"widget\" data-widget_type=\"icon-list.default\">\n\t\t\t\t<div class=\"elementor-widget-container\">\n\t\t\t\t\t\t\t<ul class=\"elementor-icon-list-items\">\n\t\t\t\t\t\t\t<li class=\"elementor-icon-list-item\">\n\t\t\t\t\t\t\t\t\t\t\t<a href=\"\/\">\n\n\t\t\t\t\t\t\t\t\t\t\t<span class=\"elementor-icon-list-text\">Acasa<\/span>\n\t\t\t\t\t\t\t\t\t\t\t<\/a>\n\t\t\t\t\t\t\t\t\t<\/li>\n\t\t\t\t\t\t<\/ul>\n\t\t\t\t\t\t<\/div>\n\t\t\t\t<\/div>\n\t\t\t\t<div class=\"elementor-element elementor-element-32342ae elementor-widget__width-auto elementor-widget elementor-widget-heading\" data-id=\"32342ae\" data-element_type=\"widget\" data-e-type=\"widget\" data-widget_type=\"heading.default\">\n\t\t\t\t<div class=\"elementor-widget-container\">\n\t\t\t\t\t<h6 class=\"elementor-heading-title elementor-size-default\">.<\/h6>\t\t\t\t<\/div>\n\t\t\t\t<\/div>\n\t\t\t\t<div class=\"elementor-element elementor-element-5b66cd1f elementor-widget__width-auto elementor-icon-list--layout-traditional elementor-list-item-link-full_width elementor-widget elementor-widget-icon-list\" data-id=\"5b66cd1f\" data-element_type=\"widget\" data-e-type=\"widget\" data-widget_type=\"icon-list.default\">\n\t\t\t\t<div class=\"elementor-widget-container\">\n\t\t\t\t\t\t\t<ul class=\"elementor-icon-list-items\">\n\t\t\t\t\t\t\t<li class=\"elementor-icon-list-item\">\n\t\t\t\t\t\t\t\t\t\t<span class=\"elementor-icon-list-text\">Regulament<\/span>\n\t\t\t\t\t\t\t\t\t<\/li>\n\t\t\t\t\t\t<\/ul>\n\t\t\t\t\t\t<\/div>\n\t\t\t\t<\/div>\n\t\t\t\t\t<\/div>\n\t\t<\/div>\n\t\t\t\t\t<\/div>\n\t\t<\/section>\n\t\t\t\t\t<\/div>\n\t\t<\/div>\n\t\t\t\t\t<\/div>\n\t\t<\/section>\n\t\t\t\t<section class=\"elementor-section elementor-top-section elementor-element elementor-element-114f8b2c elementor-section-boxed elementor-section-height-default elementor-section-height-default\" data-id=\"114f8b2c\" data-element_type=\"section\" data-e-type=\"section\" data-settings=\"{&quot;background_background&quot;:&quot;classic&quot;}\">\n\t\t\t\t\t\t<div class=\"elementor-container elementor-column-gap-default\">\n\t\t\t\t\t<div class=\"elementor-column elementor-col-100 elementor-top-column elementor-element elementor-element-3cf3514\" data-id=\"3cf3514\" data-element_type=\"column\" data-e-type=\"column\">\n\t\t\t<div class=\"elementor-widget-wrap elementor-element-populated\">\n\t\t\t\t\t\t<div class=\"elementor-element elementor-element-5aabbe6 elementor-widget elementor-widget-heading\" data-id=\"5aabbe6\" data-element_type=\"widget\" data-e-type=\"widget\" data-widget_type=\"heading.default\">\n\t\t\t\t<div class=\"elementor-widget-container\">\n\t\t\t\t\t<h6 class=\"elementor-heading-title elementor-size-default\">pentru a pescui la varlaam este necesar\u0103 o rezervare<\/h6>\t\t\t\t<\/div>\n\t\t\t\t<\/div>\n\t\t\t\t<div class=\"elementor-element elementor-element-37bd7bb5 elementor-widget elementor-widget-heading\" data-id=\"37bd7bb5\" data-element_type=\"widget\" data-e-type=\"widget\" data-widget_type=\"heading.default\">\n\t\t\t\t<div class=\"elementor-widget-container\">\n\t\t\t\t\t<h2 class=\"elementor-heading-title elementor-size-default\">regulament de pescuit la feeder<\/h2>\t\t\t\t<\/div>\n\t\t\t\t<\/div>\n\t\t\t\t<div class=\"elementor-element elementor-element-2b0764a2 elementor-widget elementor-widget-text-editor\" data-id=\"2b0764a2\" data-element_type=\"widget\" data-e-type=\"widget\" data-widget_type=\"text-editor.default\">\n\t\t\t\t<div class=\"elementor-widget-container\">\n\t\t\t\t\t\t\t\t\t<p style=\"font-weight: 400;\">Lacurile de la Varlaam prezint\u0103 interes pentru pescarii de feeder datorit\u0103 faptului c\u0103 se pot prinde exemplare mari de crap \u0219i ten, \u00a0iar condi\u021biile de pescuit sunt excelente. Se \u00eenregistreaz\u0103 frecvent crapi de 15-20kg la feeder, dar s-au prins \u0219i exemplare de peste 25kg. <strong>Fotografiile cu crapi mari de pe aceast\u0103 pagin\u0103 sunt capturi \u00eenregistrate la feeder.<\/strong><\/p><p><img loading=\"lazy\" decoding=\"async\" class=\"alignright wp-image-1125\" src=\"https:\/\/laculvarlaam.ro\/wp-content\/uploads\/2025\/01\/Florin-Cazacu-286kg-Sectorul-B-pescuit-la-feeder-300x216.jpg\" alt=\"\" width=\"600\" height=\"432\" srcset=\"https:\/\/laculvarlaam.ro\/wp-content\/uploads\/2025\/01\/Florin-Cazacu-286kg-Sectorul-B-pescuit-la-feeder-300x216.jpg 300w, https:\/\/laculvarlaam.ro\/wp-content\/uploads\/2025\/01\/Florin-Cazacu-286kg-Sectorul-B-pescuit-la-feeder-1024x738.jpg 1024w, https:\/\/laculvarlaam.ro\/wp-content\/uploads\/2025\/01\/Florin-Cazacu-286kg-Sectorul-B-pescuit-la-feeder-768x553.jpg 768w, https:\/\/laculvarlaam.ro\/wp-content\/uploads\/2025\/01\/Florin-Cazacu-286kg-Sectorul-B-pescuit-la-feeder-1536x1107.jpg 1536w, https:\/\/laculvarlaam.ro\/wp-content\/uploads\/2025\/01\/Florin-Cazacu-286kg-Sectorul-B-pescuit-la-feeder-2048x1475.jpg 2048w\" sizes=\"auto, (max-width: 600px) 100vw, 600px\" \/><\/p><p style=\"font-weight: 400;\">Distan\u021bele de pescuit sunt mici \u0219i medii. Fiind balastiere, ambele lacuri au ad\u00e2ncimi \u0219i structuri interesante \u00eencep\u00e2nd de l\u00e2ng\u0103 mal. Pe l\u00e2ng\u0103 crap, lacurile con\u021bin caras cu greut\u0103\u021bi de 500g-1kg, dar sunt \u0219i exemplare de caras care pot dep\u0103\u0219i 1,5-2kg. Alte specii &#8211; cum ar fi ro\u0219ioara sau cleanul &#8211; ofer\u0103 \u0219i ele capturi de talie mare. \u00cen Sectorul B, exist\u0103 \u0219i pl\u0103tic\u0103 de talie medie, cu greut\u0103\u021bi de 0,5-1kg.<\/p><p style=\"font-weight: 400;\">Pescuitul la feeder se poate face pe ambele lacuri. Pe Sectorul A, se poate pescui de pe standurile de crap, \u00een limita locurilor disponibile. Pe Sectorul B, se pescuie\u0219te de pe standurile de crap, dar exist\u0103 \u0219i c\u00e2teva standuri dedicate numai pentru pentru pescuitul la feeder. Standurile de feeder sunt marcate pe harta lacului cu litera F.<\/p><p style=\"font-weight: 400;\">Pescuitul se poate face at\u00e2t cu eliberarea capturilor (\u00een sistem catch &amp; release), c\u00e2t \u0219i cu re\u021binere. Se poate pescui cu re\u021binere la caras, pl\u0103tic\u0103, ro\u0219ioar\u0103, oblete. Nu este permis\u0103 re\u021binerea niciunei alte specii de pe\u0219te.<\/p><p style=\"font-weight: 400;\"><strong>Rezerv\u0103rile pentru pescuitul la feeder trebuie f\u0103cute cu minim 24 de ore \u00eenaintea partidei.<\/strong><\/p><p style=\"font-weight: 400;\"><strong>Taxa pentru pescuit catch &amp; release = 100 de lei pe ziua de pescuit.<\/strong><\/p><p style=\"font-weight: 400;\"><strong>Taxa pentru pescuit cu re\u021binere = 120 de lei pe ziua de pescuit.<\/strong><\/p><p style=\"font-weight: 400;\">\u00cen perioada aprilie-octombrie, ziua de pescuit dureaz\u0103 de ora 7.00 la ora 19.00 (12 ore). \u00cen perioada noiembrie-martie, ziua de pescuit dureaz\u0103 de ora 7.00 la ora 17.00 (10 ore). Nu se poate pescui la feeder pe timpul nop\u021bii.<\/p><p><img loading=\"lazy\" decoding=\"async\" class=\"alignleft wp-image-1126\" src=\"https:\/\/laculvarlaam.ro\/wp-content\/uploads\/2025\/01\/Nicolae-Stan-26kg-Sectorul-B-pescuit-la-feeder-300x216.jpg\" alt=\"\" width=\"600\" height=\"432\" srcset=\"https:\/\/laculvarlaam.ro\/wp-content\/uploads\/2025\/01\/Nicolae-Stan-26kg-Sectorul-B-pescuit-la-feeder-300x216.jpg 300w, https:\/\/laculvarlaam.ro\/wp-content\/uploads\/2025\/01\/Nicolae-Stan-26kg-Sectorul-B-pescuit-la-feeder-1024x738.jpg 1024w, https:\/\/laculvarlaam.ro\/wp-content\/uploads\/2025\/01\/Nicolae-Stan-26kg-Sectorul-B-pescuit-la-feeder-768x553.jpg 768w, https:\/\/laculvarlaam.ro\/wp-content\/uploads\/2025\/01\/Nicolae-Stan-26kg-Sectorul-B-pescuit-la-feeder-1536x1107.jpg 1536w, https:\/\/laculvarlaam.ro\/wp-content\/uploads\/2025\/01\/Nicolae-Stan-26kg-Sectorul-B-pescuit-la-feeder-2048x1475.jpg 2048w\" sizes=\"auto, (max-width: 600px) 100vw, 600px\" \/><\/p><p style=\"font-weight: 400;\"><span class=\"gmail_default\">\u00ce<\/span>n contul taxei de 120 lei pe zi, se pot re\u021bine 6kg de pe<span class=\"gmail_default\">\u200b\u0219<\/span>te din urm<span class=\"gmail_default\">\u0103<\/span>toarele specii: caras, pl\u0103tic\u0103, ro<span class=\"gmail_default\">\u0219<\/span>ioar\u0103 \u0219i oblete.\u00a0<\/p><p style=\"font-weight: 400;\"><span style=\"font-weight: 400;\">Dac\u0103 pescarii vor s\u0103 re\u021bin\u0103 mai mult de 6kg de pl\u0103tic\u0103, orice cantitate suplimentar\u0103 se pl\u0103te\u0219te cu 10 lei pe kilogram.<\/span><\/p><p style=\"font-weight: 400;\">Se poate pescui cu maxim dou\u0103 lansete de feeder.<\/p><p><span style=\"font-weight: 400;\">Ca linie principal\u0103, este obligatorie folosirea unui monofilament de minim 0,25mm. Nu este permis\u0103 folosirea firului textil ca linie principal\u0103, nici ca \u00eenainta\u0219. Dac\u0103 pescarii vor s\u0103 pescuiasc\u0103 la distan\u021b\u0103 cu greut\u0103\u021bi mari, trebuie \u00ee\u0219i calibreze linia principal\u0103 \u00een func\u021bie de greutatea de aruncare.<\/span><\/p><p style=\"font-weight: 400;\">Este obligatorie folosirea unei monturi cu method feeder sau co\u0219ule\u021b. Se pescuie\u0219te cu un singur c\u00e2rlig. Nu sunt admise mai multe c\u00e2rlige \u00een montur\u0103. Momeala poate fi pus\u0103 pe fir de p\u0103r sau direct pe c\u00e2rlig. \u00cen cazul ruperii liniei principale, montura (co\u0219ule\u021b, method) trebuie s\u0103 se piard\u0103.<\/p><p style=\"font-weight: 400;\">Av\u00e2nd \u00een vedere c\u0103 se prind frecvent crapi sau teni mari, pescarii de feeder <span class=\"gmail_default\">\u200b<\/span>t<span class=\"gmail_default\">\u200brebuie\u00a0<\/span>s\u0103 fie dota\u021bi cu o saltea de primire de tip &#8220;cradle&#8221;, un sling cu flotoare, un minciog de crap \u0219i un c\u00e2ntar. Salteaua poate fi \u00eenchiriat\u0103 de la administra\u021bie \u00een limita disponibilit\u0103\u021bii.\u00a0<\/p><p><img loading=\"lazy\" decoding=\"async\" class=\"alignright wp-image-1124\" src=\"https:\/\/laculvarlaam.ro\/wp-content\/uploads\/2025\/01\/Alexandru-Voiculescu-265kg-Sectorul-B-pescuit-la-feeder-300x216.jpg\" alt=\"\" width=\"600\" height=\"432\" srcset=\"https:\/\/laculvarlaam.ro\/wp-content\/uploads\/2025\/01\/Alexandru-Voiculescu-265kg-Sectorul-B-pescuit-la-feeder-300x216.jpg 300w, https:\/\/laculvarlaam.ro\/wp-content\/uploads\/2025\/01\/Alexandru-Voiculescu-265kg-Sectorul-B-pescuit-la-feeder-1024x738.jpg 1024w, https:\/\/laculvarlaam.ro\/wp-content\/uploads\/2025\/01\/Alexandru-Voiculescu-265kg-Sectorul-B-pescuit-la-feeder-768x553.jpg 768w, https:\/\/laculvarlaam.ro\/wp-content\/uploads\/2025\/01\/Alexandru-Voiculescu-265kg-Sectorul-B-pescuit-la-feeder-1536x1107.jpg 1536w, https:\/\/laculvarlaam.ro\/wp-content\/uploads\/2025\/01\/Alexandru-Voiculescu-265kg-Sectorul-B-pescuit-la-feeder-2048x1475.jpg 2048w\" sizes=\"auto, (max-width: 600px) 100vw, 600px\" \/><\/p><p style=\"font-weight: 400;\"><span style=\"font-weight: 400;\">Pentru re\u021binerea pe\u0219telui, se va folosi un juvelnic de tip tunel cu lungimea de minim 2m \u0219i cu ochiuri fine. \u00cen juvelnic se va p\u0103stra doar pe\u0219tele care urmeaz\u0103 a fi re\u021binut. Toate celelalte capturi trebuie eliberate imediat. Este interzis\u0103 re\u021binerea crapului, indiferent de m\u0103rime<\/span>.<\/p><p style=\"font-weight: 400;\">Pe l\u00e2ng\u0103 minciogul standard de feeder, pescarii trebuie s\u0103 aib\u0103 un minciog dedicat de crap<span class=\"gmail_default\">\u200b,<\/span> cu deschiderea de 42 inci (107cm), bra<span class=\"gmail_default\">\u200b\u021b<\/span>e deta<span class=\"gmail_default\">\u200b\u0219<\/span>abile <span class=\"gmail_default\">\u200b\u0219<\/span>i plas<span class=\"gmail_default\">\u200b\u0103<\/span> fin<span class=\"gmail_default\">\u200b\u0103<\/span>\u00a0cu ochiuri mici<span class=\"gmail_default\">\u200b,<\/span> pentru scoaterea \u00een condi\u021bii optime a pe\u0219tilor de talie mare (crapi sau teni de peste 20kg).\u00a0<\/p><p style=\"font-weight: 400;\">Este permis\u0103 folosirea boiliesurilor, peletelor, groundbait-urilor \u0219i semin\u021belor preparate. \u00cen perioada noiembrie-martie, este permis\u0103 \u0219i folosirea nadelor \u0219i a momelilor vii.<\/p><p style=\"font-weight: 400;\">Pentru protec\u021bia pe\u0219tilor, pescarii sunt obliga\u021bi s\u0103 aib\u0103 la ei \u0219i s\u0103 foloseasc\u0103 o solu\u021bie antiseptic\u0103 pentru dezinfectarea r\u0103nilor provocate de c\u00e2rlig sau a altor r\u0103ni.<\/p><div id=\":19y\" class=\"Am aiL Al editable LW-avf tS-tW tS-tY\" tabindex=\"1\" role=\"textbox\" contenteditable=\"true\" spellcheck=\"false\" aria-label=\"Message Body\" aria-multiline=\"true\" aria-owns=\":1lc\" aria-controls=\":1lc\" aria-expanded=\"false\">Capturile <span class=\"gmail_default\">\u200bde\u00a0<\/span>peste 15kg prinse la feeder se fotografiaz\u0103 doar \u00een prezen\u021ba unui administrator. P\u00e2n\u0103 la venirea administratorului pe\u0219tele se p\u0103streaz\u0103 \u00een <span class=\"gmail_default\">\u200bs<\/span>ling \u00een ap\u0103. Crapii trebuie manipula\u021bi doar cu slingul cu fermoarele \u00eenchise.<\/div>\t\t\t\t\t\t\t\t<\/div>\n\t\t\t\t<\/div>\n\t\t\t\t\t<\/div>\n\t\t<\/div>\n\t\t\t\t\t<\/div>\n\t\t<\/section>\n\t\t\t\t<section class=\"elementor-section elementor-top-section elementor-element elementor-element-70904ce4 elementor-section-boxed elementor-section-height-default elementor-section-height-default\" data-id=\"70904ce4\" data-element_type=\"section\" data-e-type=\"section\" data-settings=\"{&quot;background_background&quot;:&quot;classic&quot;}\">\n\t\t\t\t\t\t\t<div class=\"elementor-background-overlay\"><\/div>\n\t\t\t\t\t\t\t<div class=\"elementor-container elementor-column-gap-default\">\n\t\t\t\t\t<div class=\"elementor-column elementor-col-100 elementor-top-column elementor-element elementor-element-7e979926\" data-id=\"7e979926\" data-element_type=\"column\" data-e-type=\"column\">\n\t\t\t<div class=\"elementor-widget-wrap elementor-element-populated\">\n\t\t\t\t\t\t<div class=\"elementor-element elementor-element-79aa8e66 elementor-widget elementor-widget-heading\" data-id=\"79aa8e66\" data-element_type=\"widget\" data-e-type=\"widget\" data-widget_type=\"heading.default\">\n\t\t\t\t<div class=\"elementor-widget-container\">\n\t\t\t\t\t<h6 class=\"elementor-heading-title elementor-size-default\">nu ezita s\u0103 ne contactezi<\/h6>\t\t\t\t<\/div>\n\t\t\t\t<\/div>\n\t\t\t\t<div class=\"elementor-element elementor-element-7f330058 elementor-widget elementor-widget-heading\" data-id=\"7f330058\" data-element_type=\"widget\" data-e-type=\"widget\" data-widget_type=\"heading.default\">\n\t\t\t\t<div class=\"elementor-widget-container\">\n\t\t\t\t\t<h2 class=\"elementor-heading-title elementor-size-default\">f\u0103 o rezervare acum<\/h2>\t\t\t\t<\/div>\n\t\t\t\t<\/div>\n\t\t\t\t<div class=\"elementor-element elementor-element-3b7b0740 elementor-widget elementor-widget-heading\" data-id=\"3b7b0740\" data-element_type=\"widget\" data-e-type=\"widget\" data-widget_type=\"heading.default\">\n\t\t\t\t<div class=\"elementor-widget-container\">\n\t\t\t\t\t<h4 class=\"elementor-heading-title elementor-size-default\">0723 601 529 \/ lacul.varlaam@gmail.com<\/h4>\t\t\t\t<\/div>\n\t\t\t\t<\/div>\n\t\t\t\t<div class=\"elementor-element elementor-element-23d0f879 elementor-align-center elementor-widget elementor-widget-button\" data-id=\"23d0f879\" data-element_type=\"widget\" data-e-type=\"widget\" data-widget_type=\"button.default\">\n\t\t\t\t<div class=\"elementor-widget-container\">\n\t\t\t\t\t\t\t\t\t<div class=\"elementor-button-wrapper\">\n\t\t\t\t\t<a class=\"elementor-button elementor-button-link elementor-size-sm\" href=\"\/rezervari\">\n\t\t\t\t\t\t<span class=\"elementor-button-content-wrapper\">\n\t\t\t\t\t\t\t\t\t<span class=\"elementor-button-text\">Rezerv\u0103 acum<\/span>\n\t\t\t\t\t<\/span>\n\t\t\t\t\t<\/a>\n\t\t\t\t<\/div>\n\t\t\t\t\t\t\t\t<\/div>\n\t\t\t\t<\/div>\n\t\t\t\t\t<\/div>\n\t\t<\/div>\n\t\t\t\t\t<\/div>\n\t\t<\/section>\n\t\t\t\t<\/div>\n\t\t","protected":false},"excerpt":{"rendered":"<p>Acasa . Regulament pentru a pescui la varlaam este necesar\u0103 o rezervare regulament de pescuit la feeder Lacurile de la Varlaam prezint\u0103 interes pentru pescarii de feeder datorit\u0103 faptului c\u0103 se pot prinde exemplare mari de crap \u0219i ten, \u00a0iar condi\u021biile de pescuit sunt excelente. Se \u00eenregistreaz\u0103 frecvent crapi de 15-20kg la feeder, dar s-au [&hellip;]<\/p>\n","protected":false},"author":1,"featured_media":0,"parent":0,"menu_order":0,"comment_status":"closed","ping_status":"closed","template":"elementor_header_footer","meta":{"footnotes":""},"class_list":["post-2273","page","type-page","status-publish","hentry"],"_links":{"self":[{"href":"https:\/\/laculvarlaam.ro\/en\/wp-json\/wp\/v2\/pages\/2273","targetHints":{"allow":["GET"]}}],"collection":[{"href":"https:\/\/laculvarlaam.ro\/en\/wp-json\/wp\/v2\/pages"}],"about":[{"href":"https:\/\/laculvarlaam.ro\/en\/wp-json\/wp\/v2\/types\/page"}],"author":[{"embeddable":true,"href":"https:\/\/laculvarlaam.ro\/en\/wp-json\/wp\/v2\/users\/1"}],"replies":[{"embeddable":true,"href":"https:\/\/laculvarlaam.ro\/en\/wp-json\/wp\/v2\/comments?post=2273"}],"version-history":[{"count":4,"href":"https:\/\/laculvarlaam.ro\/en\/wp-json\/wp\/v2\/pages\/2273\/revisions"}],"predecessor-version":[{"id":3241,"href":"https:\/\/laculvarlaam.ro\/en\/wp-json\/wp\/v2\/pages\/2273\/revisions\/3241"}],"wp:attachment":[{"href":"https:\/\/laculvarlaam.ro\/en\/wp-json\/wp\/v2\/media?parent=2273"}],"curies":[{"name":"wp","href":"https:\/\/api.w.org\/{rel}","templated":true}]}}