{"id":2270,"date":"2025-01-23T09:54:37","date_gmt":"2025-01-23T09:54:37","guid":{"rendered":"https:\/\/laculvarlaam.ro\/regulament-rapitori\/"},"modified":"2025-02-11T09:54:35","modified_gmt":"2025-02-11T09:54:35","slug":"predator-fishing","status":"publish","type":"page","link":"https:\/\/laculvarlaam.ro\/en\/predator-fishing\/","title":{"rendered":"Predator fishing"},"content":{"rendered":"\t\t<div data-elementor-type=\"wp-page\" data-elementor-id=\"2270\" class=\"elementor elementor-2270 elementor-940\" data-elementor-post-type=\"page\">\n\t\t\t\t\t\t<section class=\"elementor-section elementor-top-section elementor-element elementor-element-3aafbf9c elementor-section-boxed elementor-section-height-default elementor-section-height-default\" data-id=\"3aafbf9c\" data-element_type=\"section\" data-e-type=\"section\" data-settings=\"{&quot;background_background&quot;:&quot;classic&quot;}\">\n\t\t\t\t\t\t\t<div class=\"elementor-background-overlay\"><\/div>\n\t\t\t\t\t\t\t<div class=\"elementor-container elementor-column-gap-default\">\n\t\t\t\t\t<div class=\"elementor-column elementor-col-50 elementor-top-column elementor-element elementor-element-6518993a\" data-id=\"6518993a\" data-element_type=\"column\" data-e-type=\"column\">\n\t\t\t<div class=\"elementor-widget-wrap elementor-element-populated\">\n\t\t\t\t\t\t<div class=\"elementor-element elementor-element-6dfb6bb0 elementor-widget elementor-widget-heading\" data-id=\"6dfb6bb0\" data-element_type=\"widget\" data-e-type=\"widget\" data-widget_type=\"heading.default\">\n\t\t\t\t<div class=\"elementor-widget-container\">\n\t\t\t\t\t<h2 class=\"elementor-heading-title elementor-size-default\">Predator fishing<\/h2>\t\t\t\t<\/div>\n\t\t\t\t<\/div>\n\t\t\t\t\t<\/div>\n\t\t<\/div>\n\t\t\t\t<div class=\"elementor-column elementor-col-50 elementor-top-column elementor-element elementor-element-bd15515\" data-id=\"bd15515\" data-element_type=\"column\" data-e-type=\"column\">\n\t\t\t<div class=\"elementor-widget-wrap elementor-element-populated\">\n\t\t\t\t\t\t<section class=\"elementor-section elementor-inner-section elementor-element elementor-element-68430eb8 elementor-section-boxed elementor-section-height-default elementor-section-height-default\" data-id=\"68430eb8\" data-element_type=\"section\" data-e-type=\"section\" data-settings=\"{&quot;background_background&quot;:&quot;classic&quot;}\">\n\t\t\t\t\t\t<div class=\"elementor-container elementor-column-gap-default\">\n\t\t\t\t\t<div class=\"elementor-column elementor-col-100 elementor-inner-column elementor-element elementor-element-4fd77abc\" data-id=\"4fd77abc\" data-element_type=\"column\" data-e-type=\"column\">\n\t\t\t<div class=\"elementor-widget-wrap elementor-element-populated\">\n\t\t\t\t\t\t<div class=\"elementor-element elementor-element-528e0df8 elementor-widget__width-auto elementor-icon-list--layout-traditional elementor-list-item-link-full_width elementor-widget elementor-widget-icon-list\" data-id=\"528e0df8\" data-element_type=\"widget\" data-e-type=\"widget\" data-widget_type=\"icon-list.default\">\n\t\t\t\t<div class=\"elementor-widget-container\">\n\t\t\t\t\t\t\t<ul class=\"elementor-icon-list-items\">\n\t\t\t\t\t\t\t<li class=\"elementor-icon-list-item\">\n\t\t\t\t\t\t\t\t\t\t\t<a href=\"\/\">\n\n\t\t\t\t\t\t\t\t\t\t\t<span class=\"elementor-icon-list-text\">Acasa<\/span>\n\t\t\t\t\t\t\t\t\t\t\t<\/a>\n\t\t\t\t\t\t\t\t\t<\/li>\n\t\t\t\t\t\t<\/ul>\n\t\t\t\t\t\t<\/div>\n\t\t\t\t<\/div>\n\t\t\t\t<div class=\"elementor-element elementor-element-32342ae elementor-widget__width-auto elementor-widget elementor-widget-heading\" data-id=\"32342ae\" data-element_type=\"widget\" data-e-type=\"widget\" data-widget_type=\"heading.default\">\n\t\t\t\t<div class=\"elementor-widget-container\">\n\t\t\t\t\t<h6 class=\"elementor-heading-title elementor-size-default\">.<\/h6>\t\t\t\t<\/div>\n\t\t\t\t<\/div>\n\t\t\t\t<div class=\"elementor-element elementor-element-5b66cd1f elementor-widget__width-auto elementor-icon-list--layout-traditional elementor-list-item-link-full_width elementor-widget elementor-widget-icon-list\" data-id=\"5b66cd1f\" data-element_type=\"widget\" data-e-type=\"widget\" data-widget_type=\"icon-list.default\">\n\t\t\t\t<div class=\"elementor-widget-container\">\n\t\t\t\t\t\t\t<ul class=\"elementor-icon-list-items\">\n\t\t\t\t\t\t\t<li class=\"elementor-icon-list-item\">\n\t\t\t\t\t\t\t\t\t\t<span class=\"elementor-icon-list-text\">Regulament<\/span>\n\t\t\t\t\t\t\t\t\t<\/li>\n\t\t\t\t\t\t<\/ul>\n\t\t\t\t\t\t<\/div>\n\t\t\t\t<\/div>\n\t\t\t\t\t<\/div>\n\t\t<\/div>\n\t\t\t\t\t<\/div>\n\t\t<\/section>\n\t\t\t\t\t<\/div>\n\t\t<\/div>\n\t\t\t\t\t<\/div>\n\t\t<\/section>\n\t\t\t\t<section class=\"elementor-section elementor-top-section elementor-element elementor-element-114f8b2c elementor-section-boxed elementor-section-height-default elementor-section-height-default\" data-id=\"114f8b2c\" data-element_type=\"section\" data-e-type=\"section\" data-settings=\"{&quot;background_background&quot;:&quot;classic&quot;}\">\n\t\t\t\t\t\t<div class=\"elementor-container elementor-column-gap-default\">\n\t\t\t\t\t<div class=\"elementor-column elementor-col-100 elementor-top-column elementor-element elementor-element-3cf3514\" data-id=\"3cf3514\" data-element_type=\"column\" data-e-type=\"column\">\n\t\t\t<div class=\"elementor-widget-wrap elementor-element-populated\">\n\t\t\t\t\t\t<div class=\"elementor-element elementor-element-5aabbe6 elementor-widget elementor-widget-heading\" data-id=\"5aabbe6\" data-element_type=\"widget\" data-e-type=\"widget\" data-widget_type=\"heading.default\">\n\t\t\t\t<div class=\"elementor-widget-container\">\n\t\t\t\t\t<h6 class=\"elementor-heading-title elementor-size-default\">pentru a pescui la varlaam este necesar\u0103 o rezervare<\/h6>\t\t\t\t<\/div>\n\t\t\t\t<\/div>\n\t\t\t\t<div class=\"elementor-element elementor-element-37bd7bb5 elementor-widget elementor-widget-heading\" data-id=\"37bd7bb5\" data-element_type=\"widget\" data-e-type=\"widget\" data-widget_type=\"heading.default\">\n\t\t\t\t<div class=\"elementor-widget-container\">\n\t\t\t\t\t<h2 class=\"elementor-heading-title elementor-size-default\">regulament de pescuit la r\u0103pitori<\/h2>\t\t\t\t<\/div>\n\t\t\t\t<\/div>\n\t\t\t\t<div class=\"elementor-element elementor-element-2b0764a2 elementor-widget elementor-widget-text-editor\" data-id=\"2b0764a2\" data-element_type=\"widget\" data-e-type=\"widget\" data-widget_type=\"text-editor.default\">\n\t\t\t\t<div class=\"elementor-widget-container\">\n\t\t\t\t\t\t\t\t\t<p style=\"font-weight: 400;\">Lacurile de la Varlaam con\u021bin o popula\u021bie bogat\u0103 de \u0219al\u0103u \u0219i \u0219tiuc\u0103. Predomin\u0103 exemplarele de dimensiuni medii, dar s-au prins \u0219i stiuci mari. Exist\u0103, de asemenea, clean de dimensiuni medii \u0219i mari. Bibanul este \u0219i el prezent in lac, iar in mod excep\u021bional s-a prins \u0219i avat. \u00centreaga popula\u021bie de pe\u0219te r\u0103pitor s-a format \u00een mod natural.<\/p><p><img loading=\"lazy\" decoding=\"async\" class=\"alignright wp-image-1397\" src=\"https:\/\/laculvarlaam.ro\/wp-content\/uploads\/2025\/01\/Lacul-Varlaam-peisaj-pe-Sectorul-A-300x216.jpg\" alt=\"\" width=\"600\" height=\"432\" srcset=\"https:\/\/laculvarlaam.ro\/wp-content\/uploads\/2025\/01\/Lacul-Varlaam-peisaj-pe-Sectorul-A-300x216.jpg 300w, https:\/\/laculvarlaam.ro\/wp-content\/uploads\/2025\/01\/Lacul-Varlaam-peisaj-pe-Sectorul-A-1024x738.jpg 1024w, https:\/\/laculvarlaam.ro\/wp-content\/uploads\/2025\/01\/Lacul-Varlaam-peisaj-pe-Sectorul-A-768x553.jpg 768w, https:\/\/laculvarlaam.ro\/wp-content\/uploads\/2025\/01\/Lacul-Varlaam-peisaj-pe-Sectorul-A-1536x1107.jpg 1536w, https:\/\/laculvarlaam.ro\/wp-content\/uploads\/2025\/01\/Lacul-Varlaam-peisaj-pe-Sectorul-A-2048x1475.jpg 2048w\" sizes=\"auto, (max-width: 600px) 100vw, 600px\" \/><\/p><p style=\"font-weight: 400;\">Pescuitul pe\u0219tilor r\u0103pitori este permis doar \u00een sezonul rece, din noiembrie p\u00e2n\u0103 \u00een martie, \u00een func\u021bie de condi\u021biile meteo. Se poate pescui at\u00e2t pe Sectorul A, c\u00e2t \u0219i pe Sectorul B, \u00een limita locurilor disponibile. Se pescuie\u0219te doar de pe mal. Pescuitul din barc\u0103 nu este permis.<\/p><p style=\"font-weight: 400;\"><strong>Taxa pentru pescuitul la r\u0103pitor = 70 de lei pe zi<\/strong><\/p><p style=\"font-weight: 400;\"><strong>Ziua de pescuit dureaz\u0103 de ora 7.00 la ora 17.00 (10 ore). Nu se poate pescui la r\u0103pitor pe timpul nop\u021bii.<\/strong><\/p><p style=\"font-weight: 400;\">Pescuitul la r\u0103pitor se desf\u0103\u0219oar\u0103 \u00een sistem Catch &amp; Release, cu eliberarea tuturor capturilor. Re\u021binerea pe\u0219tilor de orice m\u0103rime este interzis\u0103. Pescuitul se desf\u0103\u0219oar\u0103 de pe mal, \u00een zonele indicate de administra\u021bia lacului, \u00een limita locurilor disponibile \u0219i doar dup\u0103 achitarea taxei. Se poate pescui numai pe durata zilei. Ziua de pescuit la r\u0103pitor este calculat\u0103 de la r\u0103s\u0103ritul la apusul soarelui. Este interzis pescuitul dup\u0103 l\u0103sarea \u00eentunericului.<\/p><p style=\"font-weight: 400;\">Pescuitul se face exclusiv cu momeli artificiale. Este interzis\u0103 folosirea momelilor naturale. Pescuitul este permis numai cu echipament de spinning sau baitcasting specializat. Este obligatorie folosirea strunei, indiferent de specia de pe\u0219te r\u0103pitor vizat\u0103. Este interzis\u0103 folosirea jigurilor echipate cu c\u00e2rlige mai mari de num\u0103rul 2\/0. Este interzis\u0103 folosirea n\u0103lucilor echipate cu mai mult de dou\u0103 ancore. Este interzis\u0103 echiparea n\u0103lucilor cu ancore mai mari de num\u0103rul 2. Este interzis\u0103 folosirea mai multor n\u0103luci \u00een tandem (\u021baparin\u0103, alabama etc.).<\/p><p><img loading=\"lazy\" decoding=\"async\" class=\"alignleft wp-image-1396\" src=\"https:\/\/laculvarlaam.ro\/wp-content\/uploads\/2025\/01\/Lacul-Varlaam-drumul-dintre-lacuri-300x216.jpg\" alt=\"\" width=\"600\" height=\"432\" srcset=\"https:\/\/laculvarlaam.ro\/wp-content\/uploads\/2025\/01\/Lacul-Varlaam-drumul-dintre-lacuri-300x216.jpg 300w, https:\/\/laculvarlaam.ro\/wp-content\/uploads\/2025\/01\/Lacul-Varlaam-drumul-dintre-lacuri-1024x738.jpg 1024w, https:\/\/laculvarlaam.ro\/wp-content\/uploads\/2025\/01\/Lacul-Varlaam-drumul-dintre-lacuri-768x553.jpg 768w, https:\/\/laculvarlaam.ro\/wp-content\/uploads\/2025\/01\/Lacul-Varlaam-drumul-dintre-lacuri-1536x1107.jpg 1536w, https:\/\/laculvarlaam.ro\/wp-content\/uploads\/2025\/01\/Lacul-Varlaam-drumul-dintre-lacuri-2048x1475.jpg 2048w\" sizes=\"auto, (max-width: 600px) 100vw, 600px\" \/><\/p><p style=\"font-weight: 400;\">Fiecare pescar trebuie s\u0103 fie dotat cu minciog pentru pe\u0219ti r\u0103pitori sau grip cu cap rotativ, pens\u0103 \u0219i c\u0103sc\u0103tor. To\u021bi pe\u0219tii vor fi elibera\u021bi \u00een cel mai scurt timp. Este permis\u0103 fotografierea capturilor, dar trebuie f\u0103cut\u0103 rapid pentru a nu pune \u00een pericol pe\u0219tii.<\/p><p style=\"font-weight: 400;\">Este interzis\u0103 aruncarea \u00een ap\u0103 a oric\u0103rui tip de gunoaie. Este interzis\u0103 orice interven\u021bie asupra mediului, cum ar fi t\u0103ierea stufului sau a crengilor. Pe durata sau la terminarea partidei, orice bagaj poate fi controlat de personalul lacului. Va rug\u0103m s\u0103 ave\u021bi \u00een vedere c\u0103 administratorii lacului au dreptul de a controla bagajele pescarilor \u00een orice moment al partidei, dac\u0103 este necesar. La plecare, bagajele \u0219i ma\u0219inile pescarilor pot fi controlate prin sondaj sau integral. Refuzul de a permite controlul bagajelor sau al ma\u0219inii se consider\u0103 tentativ\u0103 de furt \u0219i atrage suspendarea dreptului de a pescui la Varlaam.<\/p><p style=\"font-weight: 400;\">Nerespectarea oric\u0103rui punct din regulament poate atrage dup\u0103 sine excluderea pescarului de pe lac, f\u0103r\u0103 returnarea taxei.<\/p>\t\t\t\t\t\t\t\t<\/div>\n\t\t\t\t<\/div>\n\t\t\t\t\t<\/div>\n\t\t<\/div>\n\t\t\t\t\t<\/div>\n\t\t<\/section>\n\t\t\t\t<section class=\"elementor-section elementor-top-section elementor-element elementor-element-70904ce4 elementor-section-boxed elementor-section-height-default elementor-section-height-default\" data-id=\"70904ce4\" data-element_type=\"section\" data-e-type=\"section\" data-settings=\"{&quot;background_background&quot;:&quot;classic&quot;}\">\n\t\t\t\t\t\t\t<div class=\"elementor-background-overlay\"><\/div>\n\t\t\t\t\t\t\t<div class=\"elementor-container elementor-column-gap-default\">\n\t\t\t\t\t<div class=\"elementor-column elementor-col-100 elementor-top-column elementor-element elementor-element-7e979926\" data-id=\"7e979926\" data-element_type=\"column\" data-e-type=\"column\">\n\t\t\t<div class=\"elementor-widget-wrap elementor-element-populated\">\n\t\t\t\t\t\t<div class=\"elementor-element elementor-element-79aa8e66 elementor-widget elementor-widget-heading\" data-id=\"79aa8e66\" data-element_type=\"widget\" data-e-type=\"widget\" data-widget_type=\"heading.default\">\n\t\t\t\t<div class=\"elementor-widget-container\">\n\t\t\t\t\t<h6 class=\"elementor-heading-title elementor-size-default\">Nu ezita s\u0103 ne contactezi<\/h6>\t\t\t\t<\/div>\n\t\t\t\t<\/div>\n\t\t\t\t<div class=\"elementor-element elementor-element-7f330058 elementor-widget elementor-widget-heading\" data-id=\"7f330058\" data-element_type=\"widget\" data-e-type=\"widget\" data-widget_type=\"heading.default\">\n\t\t\t\t<div class=\"elementor-widget-container\">\n\t\t\t\t\t<h2 class=\"elementor-heading-title elementor-size-default\">F\u0103 o rezervare acum<\/h2>\t\t\t\t<\/div>\n\t\t\t\t<\/div>\n\t\t\t\t<div class=\"elementor-element elementor-element-3b7b0740 elementor-widget elementor-widget-heading\" data-id=\"3b7b0740\" data-element_type=\"widget\" data-e-type=\"widget\" data-widget_type=\"heading.default\">\n\t\t\t\t<div class=\"elementor-widget-container\">\n\t\t\t\t\t<h4 class=\"elementor-heading-title elementor-size-default\">0723 601 529<\/h4>\t\t\t\t<\/div>\n\t\t\t\t<\/div>\n\t\t\t\t<div class=\"elementor-element elementor-element-23d0f879 elementor-align-center elementor-widget elementor-widget-button\" data-id=\"23d0f879\" data-element_type=\"widget\" data-e-type=\"widget\" data-widget_type=\"button.default\">\n\t\t\t\t<div class=\"elementor-widget-container\">\n\t\t\t\t\t\t\t\t\t<div class=\"elementor-button-wrapper\">\n\t\t\t\t\t<a class=\"elementor-button elementor-button-link elementor-size-sm\" href=\"\/rezervari\">\n\t\t\t\t\t\t<span class=\"elementor-button-content-wrapper\">\n\t\t\t\t\t\t\t\t\t<span class=\"elementor-button-text\">Rezerv\u0103 acum<\/span>\n\t\t\t\t\t<\/span>\n\t\t\t\t\t<\/a>\n\t\t\t\t<\/div>\n\t\t\t\t\t\t\t\t<\/div>\n\t\t\t\t<\/div>\n\t\t\t\t\t<\/div>\n\t\t<\/div>\n\t\t\t\t\t<\/div>\n\t\t<\/section>\n\t\t\t\t<\/div>\n\t\t","protected":false},"excerpt":{"rendered":"<p>Acasa . Regulament pentru a pescui la varlaam este necesar\u0103 o rezervare regulament de pescuit la r\u0103pitori Lacurile de la Varlaam con\u021bin o popula\u021bie bogat\u0103 de \u0219al\u0103u \u0219i \u0219tiuc\u0103. Predomin\u0103 exemplarele de dimensiuni medii, dar s-au prins \u0219i stiuci mari. Exist\u0103, de asemenea, clean de dimensiuni medii \u0219i mari. Bibanul este \u0219i el prezent in [&hellip;]<\/p>\n","protected":false},"author":1,"featured_media":0,"parent":0,"menu_order":0,"comment_status":"closed","ping_status":"closed","template":"elementor_header_footer","meta":{"footnotes":""},"class_list":["post-2270","page","type-page","status-publish","hentry"],"_links":{"self":[{"href":"https:\/\/laculvarlaam.ro\/en\/wp-json\/wp\/v2\/pages\/2270","targetHints":{"allow":["GET"]}}],"collection":[{"href":"https:\/\/laculvarlaam.ro\/en\/wp-json\/wp\/v2\/pages"}],"about":[{"href":"https:\/\/laculvarlaam.ro\/en\/wp-json\/wp\/v2\/types\/page"}],"author":[{"embeddable":true,"href":"https:\/\/laculvarlaam.ro\/en\/wp-json\/wp\/v2\/users\/1"}],"replies":[{"embeddable":true,"href":"https:\/\/laculvarlaam.ro\/en\/wp-json\/wp\/v2\/comments?post=2270"}],"version-history":[{"count":1,"href":"https:\/\/laculvarlaam.ro\/en\/wp-json\/wp\/v2\/pages\/2270\/revisions"}],"predecessor-version":[{"id":2467,"href":"https:\/\/laculvarlaam.ro\/en\/wp-json\/wp\/v2\/pages\/2270\/revisions\/2467"}],"wp:attachment":[{"href":"https:\/\/laculvarlaam.ro\/en\/wp-json\/wp\/v2\/media?parent=2270"}],"curies":[{"name":"wp","href":"https:\/\/api.w.org\/{rel}","templated":true}]}}